{"id":930,"date":"2022-05-17T15:08:55","date_gmt":"2022-05-17T15:08:55","guid":{"rendered":"https:\/\/edagcapital.com\/?page_id=930"},"modified":"2023-03-09T18:18:18","modified_gmt":"2023-03-09T18:18:18","slug":"financements","status":"publish","type":"page","link":"https:\/\/edagcapital.com\/en\/financements\/","title":{"rendered":"Projects"},"content":{"rendered":"\t\t<div data-elementor-type=\"wp-page\" data-elementor-id=\"930\" class=\"elementor elementor-930\">\n\t\t\t\t\t\t<section class=\"elementor-section elementor-top-section elementor-element elementor-element-6539cd0 elementor-section-boxed elementor-section-height-default elementor-section-height-default\" data-id=\"6539cd0\" data-element_type=\"section\" data-e-type=\"section\">\n\t\t\t\t\t\t<div class=\"elementor-container elementor-column-gap-default\">\n\t\t\t\t\t<div class=\"elementor-column elementor-col-100 elementor-top-column elementor-element elementor-element-4d58492\" data-id=\"4d58492\" data-element_type=\"column\" data-e-type=\"column\">\n\t\t\t<div class=\"elementor-widget-wrap elementor-element-populated\">\n\t\t\t\t\t\t<div class=\"elementor-element elementor-element-095d52e elementor-widget elementor-widget-spacer\" data-id=\"095d52e\" data-element_type=\"widget\" data-e-type=\"widget\" data-widget_type=\"spacer.default\">\n\t\t\t\t<div class=\"elementor-widget-container\">\n\t\t\t\t\t\t\t<div class=\"elementor-spacer\">\n\t\t\t<div class=\"elementor-spacer-inner\"><\/div>\n\t\t<\/div>\n\t\t\t\t\t\t<\/div>\n\t\t\t\t<\/div>\n\t\t\t\t\t<\/div>\n\t\t<\/div>\n\t\t\t\t\t<\/div>\n\t\t<\/section>\n\t\t\t\t<section class=\"elementor-section elementor-top-section elementor-element elementor-element-fcb8ba9 elementor-section-full_width elementor-section-height-default elementor-section-height-default elementor-invisible\" data-id=\"fcb8ba9\" data-element_type=\"section\" data-e-type=\"section\" data-settings=\"{&quot;background_background&quot;:&quot;classic&quot;,&quot;animation&quot;:&quot;fadeIn&quot;}\">\n\t\t\t\t\t\t\t<div class=\"elementor-background-overlay\"><\/div>\n\t\t\t\t\t\t\t<div class=\"elementor-container elementor-column-gap-default\">\n\t\t\t\t\t<div class=\"elementor-column elementor-col-100 elementor-top-column elementor-element elementor-element-65a84cf elementor-invisible\" data-id=\"65a84cf\" data-element_type=\"column\" data-e-type=\"column\" data-settings=\"{&quot;animation&quot;:&quot;fadeIn&quot;}\">\n\t\t\t<div class=\"elementor-widget-wrap elementor-element-populated\">\n\t\t\t\t\t\t<div class=\"elementor-element elementor-element-c9ceebd elementor-widget elementor-widget-spacer\" data-id=\"c9ceebd\" data-element_type=\"widget\" data-e-type=\"widget\" data-widget_type=\"spacer.default\">\n\t\t\t\t<div class=\"elementor-widget-container\">\n\t\t\t\t\t\t\t<div class=\"elementor-spacer\">\n\t\t\t<div class=\"elementor-spacer-inner\"><\/div>\n\t\t<\/div>\n\t\t\t\t\t\t<\/div>\n\t\t\t\t<\/div>\n\t\t\t\t<div class=\"elementor-element elementor-element-58bcb6b elementor-widget elementor-widget-heading\" data-id=\"58bcb6b\" data-element_type=\"widget\" data-e-type=\"widget\" data-widget_type=\"heading.default\">\n\t\t\t\t<div class=\"elementor-widget-container\">\n\t\t\t\t\t<h2 class=\"elementor-heading-title elementor-size-default\">Financements<\/h2>\t\t\t\t<\/div>\n\t\t\t\t<\/div>\n\t\t\t\t<div class=\"elementor-element elementor-element-89f24e1 elementor-widget elementor-widget-spacer\" data-id=\"89f24e1\" data-element_type=\"widget\" data-e-type=\"widget\" data-widget_type=\"spacer.default\">\n\t\t\t\t<div class=\"elementor-widget-container\">\n\t\t\t\t\t\t\t<div class=\"elementor-spacer\">\n\t\t\t<div class=\"elementor-spacer-inner\"><\/div>\n\t\t<\/div>\n\t\t\t\t\t\t<\/div>\n\t\t\t\t<\/div>\n\t\t\t\t\t<\/div>\n\t\t<\/div>\n\t\t\t\t\t<\/div>\n\t\t<\/section>\n\t\t\t\t<section class=\"elementor-section elementor-top-section elementor-element elementor-element-3c0d021 elementor-section-boxed elementor-section-height-default elementor-section-height-default\" data-id=\"3c0d021\" data-element_type=\"section\" data-e-type=\"section\">\n\t\t\t\t\t\t<div class=\"elementor-container elementor-column-gap-default\">\n\t\t\t\t\t<div class=\"elementor-column elementor-col-100 elementor-top-column elementor-element elementor-element-706f142\" data-id=\"706f142\" data-element_type=\"column\" data-e-type=\"column\">\n\t\t\t<div class=\"elementor-widget-wrap elementor-element-populated\">\n\t\t\t\t\t\t<div class=\"elementor-element elementor-element-c20cd51 elementor-widget elementor-widget-spacer\" data-id=\"c20cd51\" data-element_type=\"widget\" data-e-type=\"widget\" data-widget_type=\"spacer.default\">\n\t\t\t\t<div class=\"elementor-widget-container\">\n\t\t\t\t\t\t\t<div class=\"elementor-spacer\">\n\t\t\t<div class=\"elementor-spacer-inner\"><\/div>\n\t\t<\/div>\n\t\t\t\t\t\t<\/div>\n\t\t\t\t<\/div>\n\t\t\t\t\t<\/div>\n\t\t<\/div>\n\t\t\t\t\t<\/div>\n\t\t<\/section>\n\t\t\t\t<section class=\"elementor-section elementor-top-section elementor-element elementor-element-2b81df3 elementor-section-boxed elementor-section-height-default elementor-section-height-default\" data-id=\"2b81df3\" data-element_type=\"section\" data-e-type=\"section\">\n\t\t\t\t\t\t<div class=\"elementor-container elementor-column-gap-default\">\n\t\t\t\t\t<div class=\"elementor-column elementor-col-100 elementor-top-column elementor-element elementor-element-d50e1b2\" data-id=\"d50e1b2\" data-element_type=\"column\" data-e-type=\"column\">\n\t\t\t<div class=\"elementor-widget-wrap elementor-element-populated\">\n\t\t\t\t\t\t<div class=\"elementor-element elementor-element-3888f58 elementor-widget elementor-widget-heading\" data-id=\"3888f58\" data-element_type=\"widget\" data-e-type=\"widget\" data-widget_type=\"heading.default\">\n\t\t\t\t<div class=\"elementor-widget-container\">\n\t\t\t\t\t<h2 class=\"elementor-heading-title elementor-size-default\">S\u00e9lection de financements mis en place<\/h2>\t\t\t\t<\/div>\n\t\t\t\t<\/div>\n\t\t\t\t<div class=\"elementor-element elementor-element-8028e25 elementor-widget-divider--view-line elementor-widget elementor-widget-divider\" data-id=\"8028e25\" data-element_type=\"widget\" data-e-type=\"widget\" data-widget_type=\"divider.default\">\n\t\t\t\t<div class=\"elementor-widget-container\">\n\t\t\t\t\t\t\t<div class=\"elementor-divider\">\n\t\t\t<span class=\"elementor-divider-separator\">\n\t\t\t\t\t\t<\/span>\n\t\t<\/div>\n\t\t\t\t\t\t<\/div>\n\t\t\t\t<\/div>\n\t\t\t\t\t<\/div>\n\t\t<\/div>\n\t\t\t\t\t<\/div>\n\t\t<\/section>\n\t\t\t\t<section class=\"elementor-section elementor-top-section elementor-element elementor-element-966f131 elementor-section-boxed elementor-section-height-default elementor-section-height-default\" data-id=\"966f131\" data-element_type=\"section\" data-e-type=\"section\">\n\t\t\t\t\t\t<div class=\"elementor-container elementor-column-gap-default\">\n\t\t\t\t\t<div class=\"elementor-column elementor-col-100 elementor-top-column elementor-element elementor-element-7c3631e\" data-id=\"7c3631e\" data-element_type=\"column\" data-e-type=\"column\">\n\t\t\t<div class=\"elementor-widget-wrap elementor-element-populated\">\n\t\t\t\t\t\t<div class=\"elementor-element elementor-element-ac0de98 elementor-widget elementor-widget-text-editor\" data-id=\"ac0de98\" data-element_type=\"widget\" data-e-type=\"widget\" data-widget_type=\"text-editor.default\">\n\t\t\t\t<div class=\"elementor-widget-container\">\n\t\t\t\t\t\t\t\t\t<h4>Pour acc\u00e9der \u00e0 la liste de nos financements, merci de nous contacter.<\/h4>\t\t\t\t\t\t\t\t<\/div>\n\t\t\t\t<\/div>\n\t\t\t\t<div class=\"elementor-element elementor-element-c6fc1bc elementor-widget elementor-widget-content_form_contact\" data-id=\"c6fc1bc\" data-element_type=\"widget\" data-e-type=\"widget\" data-widget_type=\"content_form_contact.default\">\n\t\t\t\t<div class=\"elementor-widget-container\">\n\t\t\t\t\t<form action=\"https:\/\/edagcapital.com\/wp-admin\/admin-post.php\" method=\"post\" name=\"content-form-c6fc1bc\" id=\"content-form-c6fc1bc\" class=\"ti-cf-module content-form content-form-contact content_form_contact\"><input type=\"hidden\" id=\"_wpnonce_contact\" name=\"_wpnonce_contact\" value=\"40cb297d8d\" \/><input type=\"hidden\" name=\"_wp_http_referer\" value=\"\/financements\/\" \/><input type=\"hidden\" name=\"action\" value=\"content_form_submit\" \/><input type=\"hidden\" name=\"form-type\" value=\"contact\" \/><input type=\"hidden\" name=\"form-builder\" value=\"elementor\" \/><input type=\"hidden\" name=\"post-id\" value=\"930\" \/><input type=\"hidden\" name=\"form-id\" value=\"c6fc1bc\" \/><fieldset class=&quot;content-form-field-text elementor-column elementor-col-100&quot;><label for=\"data[c6fc1bc][name]\" >Nom<span class=\"required-mark\"> *<\/span><\/label><input type=\"text\" name=\"data[c6fc1bc][name]\" id=\"data[c6fc1bc][name]\" required=required  placeholder=\"Nom\"><\/fieldset><fieldset class=&quot;content-form-field-email elementor-column elementor-col-100&quot;><label for=\"data[c6fc1bc][email]\" >Email<span class=\"required-mark\"> *<\/span><\/label><input type=\"text\" name=\"data[c6fc1bc][email]\" id=\"data[c6fc1bc][email]\" required=required  placeholder=\"Email\"><\/fieldset><fieldset class=&quot;content-form-field-number elementor-column elementor-col-100&quot;><label for=\"data[c6fc1bc][phone]\" >T\u00e9l\u00e9phone<\/label><input type=\"text\" name=\"data[c6fc1bc][phone]\" id=\"data[c6fc1bc][phone]\"   placeholder=\"T\u00e9l\u00e9phone\"><\/fieldset><fieldset class=&quot;content-form-field-textarea elementor-column elementor-col-100&quot;><label for=\"data[c6fc1bc][message]\" >Message<span class=\"required-mark\"> *<\/span><\/label><textarea name=\"data[c6fc1bc][message]\" id=\"data[c6fc1bc][message]\"  required=required placeholder=\"Message\" cols=\"30\" rows=\"5\"><\/textarea><\/fieldset><fieldset class=\"submit-form contact\"><button type=\"submit\" name=\"submit\"  value=\"submit-contact-c6fc1bc\" class=\"\">Envoyer<\/button><\/fieldset><\/form>\t\t\t\t<\/div>\n\t\t\t\t<\/div>\n\t\t\t\t\t<\/div>\n\t\t<\/div>\n\t\t\t\t\t<\/div>\n\t\t<\/section>\n\t\t\t\t<section class=\"elementor-section elementor-top-section elementor-element elementor-element-6b9b68d elementor-section-boxed elementor-section-height-default elementor-section-height-default\" data-id=\"6b9b68d\" data-element_type=\"section\" data-e-type=\"section\">\n\t\t\t\t\t\t<div class=\"elementor-container elementor-column-gap-default\">\n\t\t\t\t\t<div class=\"elementor-column elementor-col-100 elementor-top-column elementor-element elementor-element-35431f9\" data-id=\"35431f9\" data-element_type=\"column\" data-e-type=\"column\">\n\t\t\t<div class=\"elementor-widget-wrap\">\n\t\t\t\t\t\t\t<\/div>\n\t\t<\/div>\n\t\t\t\t\t<\/div>\n\t\t<\/section>\n\t\t\t\t<section class=\"elementor-section elementor-top-section elementor-element elementor-element-23c7f894 elementor-section-full_width elementor-section-height-min-height elementor-section-items-top elementor-section-content-top elementor-section-height-default\" data-id=\"23c7f894\" data-element_type=\"section\" data-e-type=\"section\" data-settings=\"{&quot;background_background&quot;:&quot;classic&quot;}\">\n\t\t\t\t\t\t<div class=\"elementor-container elementor-column-gap-default\">\n\t\t\t\t\t<div class=\"elementor-column elementor-col-100 elementor-top-column elementor-element elementor-element-2f9b05d\" data-id=\"2f9b05d\" data-element_type=\"column\" data-e-type=\"column\">\n\t\t\t<div class=\"elementor-widget-wrap elementor-element-populated\">\n\t\t\t\t\t\t<section class=\"elementor-section elementor-inner-section elementor-element elementor-element-a66cef3 elementor-section-height-min-height elementor-section-content-top elementor-section-boxed elementor-section-height-default\" data-id=\"a66cef3\" data-element_type=\"section\" data-e-type=\"section\">\n\t\t\t\t\t\t<div class=\"elementor-container elementor-column-gap-wider\">\n\t\t\t\t\t<div class=\"elementor-column elementor-col-33 elementor-inner-column elementor-element elementor-element-60b7c5d elementor-hidden-phone\" data-id=\"60b7c5d\" data-element_type=\"column\" data-e-type=\"column\" data-settings=\"{&quot;background_background&quot;:&quot;classic&quot;}\">\n\t\t\t<div class=\"elementor-widget-wrap elementor-element-populated\">\n\t\t\t\t\t\t\t<\/div>\n\t\t<\/div>\n\t\t\t\t<div class=\"elementor-column elementor-col-33 elementor-inner-column elementor-element elementor-element-8714399\" data-id=\"8714399\" data-element_type=\"column\" data-e-type=\"column\">\n\t\t\t<div class=\"elementor-widget-wrap elementor-element-populated\">\n\t\t\t\t\t\t<div class=\"elementor-element elementor-element-b4213e3 elementor-widget elementor-widget-html\" data-id=\"b4213e3\" data-element_type=\"widget\" data-e-type=\"widget\" data-widget_type=\"html.default\">\n\t\t\t\t<div class=\"elementor-widget-container\">\n\t\t\t\t\t<style>\n.footer-link{\n}\n\n.footer-link a {\n    color: #DADADA;\n    font-size: 18px;\n    font-weight: 600;\n}\n    \n<\/style>\n\n<div class=\"footer-link\">\n    <a href=\"https:\/\/edagcapital.com\/societe\">\n    Soci\u00e9t\u00e9\n<\/a>\n<\/div>\n<div class=\"footer-link\">\n    <a href=\"https:\/\/edagcapital.com\/financements\">\n    Financements\n<\/a>\n<\/div>\n<div class=\"footer-link\">\n    <a href=\"https:\/\/edagcapital.com\/philantropie\">\n    Philantropie\n<\/a>\n<\/div>\n<div class=\"footer-link\">\n    <a href=\"https:\/\/edagcapital.com\/contact\/\">\n    Contact\n<\/a>\n<\/div>\n<div class=\"footer-link\">\n    <a href=\"https:\/\/edagcapital.com\/mentions-legales\/\">\n    Mentions l\u00e9gales\n<\/a>\n<\/div>\t\t\t\t<\/div>\n\t\t\t\t<\/div>\n\t\t\t\t\t<\/div>\n\t\t<\/div>\n\t\t\t\t<div class=\"elementor-column elementor-col-33 elementor-inner-column elementor-element elementor-element-0561f66\" data-id=\"0561f66\" data-element_type=\"column\" data-e-type=\"column\">\n\t\t\t<div class=\"elementor-widget-wrap elementor-element-populated\">\n\t\t\t\t\t\t<div class=\"elementor-element elementor-element-06b89f6 elementor-widget elementor-widget-html\" data-id=\"06b89f6\" data-element_type=\"widget\" data-e-type=\"widget\" data-widget_type=\"html.default\">\n\t\t\t\t<div class=\"elementor-widget-container\">\n\t\t\t\t\t<style>\n.footer-link{\n}\n\n.footer-link span {\n    color: #DADADA;\n    font-size: 18px;\n}\n\n.footer-link .type{\n    font-weight: 600;\n    margin-right: 5px;\n}\n    \n<\/style>\n\n<div class=\"footer-link\">\n<span class=\"type\">Adresse :<\/span>\n<span>9, Av. de Suffren, 75007 Paris<\/span>\n<\/div>\n<div class=\"footer-link\">\n<span class=\"type\">Mail :<\/span>\n<span>info@edagcapital.com<\/span>\n<\/div>\n<div class=\"footer-link\">\n<span class=\"type\">T\u00e9l\u00e9phone :<\/span>\n<span>+33 6 68 13 89 33<\/span>\n<\/div>\n\n\t\t\t\t<\/div>\n\t\t\t\t<\/div>\n\t\t\t\t<div class=\"elementor-element elementor-element-b93d277 elementor-align-start elementor-icon-list--layout-traditional elementor-list-item-link-full_width elementor-widget elementor-widget-icon-list\" data-id=\"b93d277\" data-element_type=\"widget\" data-e-type=\"widget\" data-widget_type=\"icon-list.default\">\n\t\t\t\t<div class=\"elementor-widget-container\">\n\t\t\t\t\t\t\t<ul class=\"elementor-icon-list-items\">\n\t\t\t\t\t\t\t<li class=\"elementor-icon-list-item\">\n\t\t\t\t\t\t\t\t\t\t\t<a href=\"https:\/\/www.linkedin.com\/company\/edagcapital\">\n\n\t\t\t\t\t\t\t\t\t\t\t\t<span class=\"elementor-icon-list-icon\">\n\t\t\t\t\t\t\t<i aria-hidden=\"true\" class=\"fab fa-linkedin\"><\/i>\t\t\t\t\t\t<\/span>\n\t\t\t\t\t\t\t\t\t\t<span class=\"elementor-icon-list-text\">Linkedin<\/span>\n\t\t\t\t\t\t\t\t\t\t\t<\/a>\n\t\t\t\t\t\t\t\t\t<\/li>\n\t\t\t\t\t\t<\/ul>\n\t\t\t\t\t\t<\/div>\n\t\t\t\t<\/div>\n\t\t\t\t\t<\/div>\n\t\t<\/div>\n\t\t\t\t\t<\/div>\n\t\t<\/section>\n\t\t\t\t\t<\/div>\n\t\t<\/div>\n\t\t\t\t\t<\/div>\n\t\t<\/section>\n\t\t\t\t<\/div>\n\t\t","protected":false},"excerpt":{"rendered":"<p>Financements S\u00e9lection de financements mis en place Pour acc\u00e9der \u00e0 la liste de nos financements, merci de nous contacter. Nom * Email * T\u00e9l\u00e9phone Message * Envoyer Soci\u00e9t\u00e9 Financements Philantropie Contact Mentions l\u00e9gales Adresse : 9, Av. de Suffren, 75007 Paris Mail : info@edagcapital.com T\u00e9l\u00e9phone : +33 6 68 13 [&hellip;]<\/p>\n","protected":false},"author":2,"featured_media":0,"parent":0,"menu_order":0,"comment_status":"closed","ping_status":"closed","template":"","meta":{"nf_dc_page":"","footnotes":""},"class_list":["post-930","page","type-page","status-publish","hentry"],"jetpack_sharing_enabled":true,"_links":{"self":[{"href":"https:\/\/edagcapital.com\/en\/wp-json\/wp\/v2\/pages\/930","targetHints":{"allow":["GET"]}}],"collection":[{"href":"https:\/\/edagcapital.com\/en\/wp-json\/wp\/v2\/pages"}],"about":[{"href":"https:\/\/edagcapital.com\/en\/wp-json\/wp\/v2\/types\/page"}],"author":[{"embeddable":true,"href":"https:\/\/edagcapital.com\/en\/wp-json\/wp\/v2\/users\/2"}],"replies":[{"embeddable":true,"href":"https:\/\/edagcapital.com\/en\/wp-json\/wp\/v2\/comments?post=930"}],"version-history":[{"count":5,"href":"https:\/\/edagcapital.com\/en\/wp-json\/wp\/v2\/pages\/930\/revisions"}],"predecessor-version":[{"id":953,"href":"https:\/\/edagcapital.com\/en\/wp-json\/wp\/v2\/pages\/930\/revisions\/953"}],"wp:attachment":[{"href":"https:\/\/edagcapital.com\/en\/wp-json\/wp\/v2\/media?parent=930"}],"curies":[{"name":"wp","href":"https:\/\/api.w.org\/{rel}","templated":true}]}}